{"id":2521,"date":"2024-02-23T13:39:18","date_gmt":"2024-02-23T13:39:18","guid":{"rendered":"https:\/\/www.permessonegato.it\/contactos\/"},"modified":"2024-10-10T08:57:20","modified_gmt":"2024-10-10T08:57:20","slug":"contactos","status":"publish","type":"page","link":"https:\/\/www.permessonegato.it\/es\/contactos\/","title":{"rendered":"Contactos"},"content":{"rendered":"<p>[et_pb_section fb_built=&#8221;1&#8243; next_background_color=&#8221;#ffffff&#8221; admin_label=&#8221;Header&#8221; _builder_version=&#8221;4.27.0&#8243; background_enable_color=&#8221;off&#8221; background_image=&#8221;https:\/\/www.permessonegato.it\/wp-content\/uploads\/2024\/08\/PermessoNegato-Contatti_hero.jpg&#8221; min_height=&#8221;400px&#8221; max_height=&#8221;400px&#8221; custom_padding=&#8221;||3px||false|false&#8221; bottom_divider_style=&#8221;arrow2&#8243; bottom_divider_height=&#8221;60px&#8221; global_colors_info=&#8221;{}&#8221;][et_pb_row _builder_version=&#8221;4.16&#8243; global_colors_info=&#8221;{}&#8221;][et_pb_column type=&#8221;4_4&#8243; _builder_version=&#8221;4.16&#8243; global_colors_info=&#8221;{}&#8221;][et_pb_text _builder_version=&#8221;4.20.0&#8243; header_font=&#8221;||||||||&#8221; header_font_size=&#8221;5rem&#8221; header_line_height=&#8221;1.4em&#8221; text_orientation=&#8221;center&#8221; background_layout=&#8221;dark&#8221; header_font_size_tablet=&#8221;54px&#8221; header_font_size_phone=&#8221;34px&#8221; header_font_size_last_edited=&#8221;on|phone&#8221; global_colors_info=&#8221;{}&#8221;]<\/p>\n<h1>Contactos<\/h1>\n<p>[\/et_pb_text][\/et_pb_column][\/et_pb_row][\/et_pb_section][et_pb_section fb_built=&#8221;1&#8243; custom_padding_last_edited=&#8221;on|tablet&#8221; admin_label=&#8221;Stats&#8221; _builder_version=&#8221;4.20.2&#8243; custom_padding=&#8221;||30px||false|false&#8221; custom_padding_tablet=&#8221;&#8221; custom_padding_phone=&#8221;||60px||false|false&#8221; bottom_divider_style=&#8221;arrow2&#8243; bottom_divider_color=&#8221;gcid-28573001-e329-4ec5-9259-02ffd6144c0c&#8221; bottom_divider_height=&#8221;5%&#8221; bottom_divider_flip=&#8221;vertical&#8221; global_colors_info=&#8221;{%22gcid-28573001-e329-4ec5-9259-02ffd6144c0c%22:%91%22bottom_divider_color%22%93}&#8221;][et_pb_row _builder_version=&#8221;4.20.2&#8243; custom_padding=&#8221;||50px||false|false&#8221; global_colors_info=&#8221;{}&#8221;][et_pb_column type=&#8221;4_4&#8243; _builder_version=&#8221;4.16&#8243; global_colors_info=&#8221;{}&#8221;][et_pb_text _builder_version=&#8221;4.20.2&#8243; text_font=&#8221;||||||||&#8221; text_text_color=&#8221;#ffcf56&#8243; text_font_size=&#8221;24px&#8221; text_line_height=&#8221;1.3em&#8221; header_2_text_color=&#8221;gcid-28573001-e329-4ec5-9259-02ffd6144c0c&#8221; header_2_font_size=&#8221;30px&#8221; header_4_text_color=&#8221;gcid-28573001-e329-4ec5-9259-02ffd6144c0c&#8221; header_4_font_size=&#8221;1.1em&#8221; text_orientation=&#8221;center&#8221; background_layout=&#8221;dark&#8221; width=&#8221;170px&#8221; max_width=&#8221;800px&#8221; module_alignment=&#8221;center&#8221; border_color_all=&#8221;rgba(255,207,86,0.5)&#8221; border_width_bottom=&#8221;2px&#8221; border_color_bottom=&#8221;gcid-28573001-e329-4ec5-9259-02ffd6144c0c&#8221; text_text_align=&#8221;center&#8221; locked=&#8221;off&#8221; global_colors_info=&#8221;{%22gcid-28573001-e329-4ec5-9259-02ffd6144c0c%22:%91%22header_4_text_color%22,%22border_color_bottom%22,%22header_2_text_color%22%93}&#8221;]<\/p>\n<h2>Cont\u00e1ctanos<\/h2>\n<p>[\/et_pb_text][et_pb_text _builder_version=&#8221;4.27.0&#8243; text_font_size=&#8221;16px&#8221; text_line_height=&#8221;1.5em&#8221; link_font=&#8221;|700|||on||||&#8221; header_2_font=&#8221;||||||||&#8221; header_2_text_color=&#8221;gcid-28573001-e329-4ec5-9259-02ffd6144c0c&#8221; header_2_font_size=&#8221;30px&#8221; header_2_line_height=&#8221;1.4em&#8221; text_orientation=&#8221;center&#8221; max_width=&#8221;800px&#8221; max_width_tablet=&#8221;&#8221; max_width_phone=&#8221;&#8221; max_width_last_edited=&#8221;on|phone&#8221; module_alignment=&#8221;center&#8221; custom_padding=&#8221;8px|||||&#8221; header_2_font_size_tablet=&#8221;36px&#8221; header_2_font_size_phone=&#8221;24px&#8221; header_2_font_size_last_edited=&#8221;on|desktop&#8221; border_radii=&#8221;off||||&#8221; border_color_bottom=&#8221;gcid-28573001-e329-4ec5-9259-02ffd6144c0c&#8221; locked=&#8221;off&#8221; global_colors_info=&#8221;{%22gcid-28573001-e329-4ec5-9259-02ffd6144c0c%22:%91%22header_2_text_color%22,%22border_color_bottom%22%93}&#8221;]<\/p>\n<p><strong>Si necesitas ayuda<\/strong>, no dudes en ponerte en contacto con nosotros: <strong>puedes escribir un correo electr\u00f3nico a nuestra l\u00ednea de ayuda gratuita<\/strong> a la direcci\u00f3n <a href=\"mailto:info@permessonegato.it\">info@permessonegato.it.<\/a><\/p>\n<p>Para m\u00e1s informaci\u00f3n, por favor no escribas a la l\u00ednea de ayuda; puedes contactar a nuestro equipo en la direcci\u00f3n <a href=\"mailto:segreteria@permessonegato.it\">segreteria@permessonegato.it<\/a>. Si eres periodista, empresa o investigador, puedes contactarnos en <a href=\"mailto:press@permessonegato.it\">press@permessonegato.it.<\/a> <\/p>\n<p>[\/et_pb_text][dvppl_cf7_styler cf7=&#8221;1382&#8243; form_field_padding=&#8221;16px|15px|16px|15px|true|true&#8221; form_background_color=&#8221;gcid-7b4e99c6-3835-49f1-8d22-dcee51d0eae4&#8243; form_field_active_color=&#8221;gcid-fa687b6e-2c71-4da4-b150-8bde873c60d5&#8243; form_field_spacing=&#8221;10px&#8221; cf7_message_padding=&#8221;5px&#8221; cf7_message_margin_top=&#8221;5px&#8221; cf7_message_color=&#8221;#E02B20&#8243; cf7_border_highlight_color=&#8221;#E02B20&#8243; cf7_success_message_color=&#8221;#7CDA24&#8243; cf7_success_border_color=&#8221;#7CDA24&#8243; cf7_error_message_color=&#8221;#E02B20&#8243; cf7_error_border_color=&#8221;#E02B20&#8243; _builder_version=&#8221;4.27.0&#8243; _module_preset=&#8221;default&#8221; form_field_font_font=&#8221;|800|||||||&#8221; form_field_font_text_color=&#8221;#242424&#8243; labels_font=&#8221;Abel|700|||||||&#8221; labels_text_color=&#8221;#6B6B6B&#8221; labels_letter_spacing=&#8221;2px&#8221; custom_submit_button=&#8221;on&#8221; submit_button_text_size=&#8221;1.2rem&#8221; submit_button_text_color=&#8221;gcid-28573001-e329-4ec5-9259-02ffd6144c0c&#8221; submit_button_bg_color=&#8221;RGBA(255,255,255,0)&#8221; submit_button_border_width=&#8221;4px&#8221; submit_button_border_color=&#8221;gcid-fa687b6e-2c71-4da4-b150-8bde873c60d5&#8243; submit_button_border_radius=&#8221;3px&#8221; submit_button_font=&#8221;League Gothic|||on|||||&#8221; submit_button_custom_padding=&#8221;16px|28px|16px|28px|true|true&#8221; max_width=&#8221;650px&#8221; max_width_tablet=&#8221;650px&#8221; max_width_phone=&#8221;650px&#8221; max_width_last_edited=&#8221;on|desktop&#8221; module_alignment=&#8221;center&#8221; hover_enabled=&#8221;0&#8243; border_radii_field=&#8221;on|2px|2px|2px|2px&#8221; border_width_all_field=&#8221;2px&#8221; border_color_all_field=&#8221;gcid-fa687b6e-2c71-4da4-b150-8bde873c60d5&#8243; global_colors_info=&#8221;{%22gcid-28573001-e329-4ec5-9259-02ffd6144c0c%22:%91%22box_shadow_color_submit_button%22,%22submit_button_text_color%22%93,%22gcid-7b4e99c6-3835-49f1-8d22-dcee51d0eae4%22:%91%22form_background_color%22%93,%22gcid-fa687b6e-2c71-4da4-b150-8bde873c60d5%22:%91%22form_field_active_color%22,%22border_color_all_field%22,%22submit_button_border_color%22%93}&#8221; sticky_enabled=&#8221;0&#8243;][\/dvppl_cf7_styler][et_pb_code _builder_version=&#8221;4.27.0&#8243; _module_preset=&#8221;default&#8221; global_colors_info=&#8221;{}&#8221;][\/et_pb_code][\/et_pb_column][\/et_pb_row][\/et_pb_section]<\/p>\n","protected":false},"excerpt":{"rendered":"<p>ContactosCont\u00e1ctanosSi necesitas ayuda, no dudes en ponerte en contacto con nosotros: puedes escribir un correo electr\u00f3nico a nuestra l\u00ednea de ayuda gratuita a la direcci\u00f3n info@permessonegato.it. Para m\u00e1s informaci\u00f3n, por favor no escribas a la l\u00ednea de ayuda; puedes contactar a nuestro equipo en la direcci\u00f3n segreteria@permessonegato.it. Si eres periodista, empresa o investigador, puedes contactarnos [&hellip;]<\/p>\n","protected":false},"author":4,"featured_media":2522,"parent":0,"menu_order":0,"comment_status":"closed","ping_status":"closed","template":"","meta":{"give_campaign_id":0,"_et_pb_use_builder":"on","_et_pb_old_content":"","_et_gb_content_width":"","inline_featured_image":false,"footnotes":""},"class_list":["post-2521","page","type-page","status-publish","has-post-thumbnail","hentry"],"yoast_head":"<!-- This site is optimized with the Yoast SEO plugin v27.2 - https:\/\/yoast.com\/product\/yoast-seo-wordpress\/ -->\n<title>Contactos | PermessoNegato<\/title>\n<meta name=\"description\" content=\"Si necesitas ayuda, no dudes en ponerte en contacto con nosotros\" \/>\n<meta name=\"robots\" content=\"index, follow, max-snippet:-1, max-image-preview:large, max-video-preview:-1\" \/>\n<link rel=\"canonical\" href=\"https:\/\/www.permessonegato.it\/es\/contactos\/\" \/>\n<meta property=\"og:locale\" content=\"es_ES\" \/>\n<meta property=\"og:type\" content=\"article\" \/>\n<meta property=\"og:title\" content=\"Contacto con nosotros es f\u00e1cil! | PermessoNegato\" \/>\n<meta property=\"og:description\" content=\"Si necesitas ayuda, no dudes en ponerte en contacto con nosotros\" \/>\n<meta property=\"og:url\" content=\"https:\/\/www.permessonegato.it\/es\/contactos\/\" \/>\n<meta property=\"og:site_name\" content=\"PermessoNegato\" \/>\n<meta property=\"article:modified_time\" content=\"2024-10-10T08:57:20+00:00\" \/>\n<meta property=\"og:image\" content=\"https:\/\/www.permessonegato.it\/wp-content\/uploads\/2024\/08\/PermessoNegato-Contatti_hero.jpg\" \/>\n\t<meta property=\"og:image:width\" content=\"1980\" \/>\n\t<meta property=\"og:image:height\" content=\"600\" \/>\n\t<meta property=\"og:image:type\" content=\"image\/jpeg\" \/>\n<meta name=\"twitter:card\" content=\"summary_large_image\" \/>\n<meta name=\"twitter:title\" content=\"Ccontacto con nosotros es f\u00e1cil! | PermessoNegato\" \/>\n<meta name=\"twitter:description\" content=\"Si necesitas ayuda, no dudes en ponerte en contacto con nosotros\" \/>\n<meta name=\"twitter:label1\" content=\"Tiempo de lectura\" \/>\n\t<meta name=\"twitter:data1\" content=\"4 minutos\" \/>\n<script type=\"application\/ld+json\" class=\"yoast-schema-graph\">{\"@context\":\"https:\/\/schema.org\",\"@graph\":[{\"@type\":\"WebPage\",\"@id\":\"https:\/\/www.permessonegato.it\/es\/contactos\/\",\"url\":\"https:\/\/www.permessonegato.it\/es\/contactos\/\",\"name\":\"Contactos | PermessoNegato\",\"isPartOf\":{\"@id\":\"https:\/\/www.permessonegato.it\/es\/#website\"},\"primaryImageOfPage\":{\"@id\":\"https:\/\/www.permessonegato.it\/es\/contactos\/#primaryimage\"},\"image\":{\"@id\":\"https:\/\/www.permessonegato.it\/es\/contactos\/#primaryimage\"},\"thumbnailUrl\":\"https:\/\/www.permessonegato.it\/wp-content\/uploads\/2024\/08\/PermessoNegato-Contatti_hero.jpg\",\"datePublished\":\"2024-02-23T13:39:18+00:00\",\"dateModified\":\"2024-10-10T08:57:20+00:00\",\"description\":\"Si necesitas ayuda, no dudes en ponerte en contacto con nosotros\",\"breadcrumb\":{\"@id\":\"https:\/\/www.permessonegato.it\/es\/contactos\/#breadcrumb\"},\"inLanguage\":\"es\",\"potentialAction\":[{\"@type\":\"ReadAction\",\"target\":[\"https:\/\/www.permessonegato.it\/es\/contactos\/\"]}]},{\"@type\":\"ImageObject\",\"inLanguage\":\"es\",\"@id\":\"https:\/\/www.permessonegato.it\/es\/contactos\/#primaryimage\",\"url\":\"https:\/\/www.permessonegato.it\/wp-content\/uploads\/2024\/08\/PermessoNegato-Contatti_hero.jpg\",\"contentUrl\":\"https:\/\/www.permessonegato.it\/wp-content\/uploads\/2024\/08\/PermessoNegato-Contatti_hero.jpg\",\"width\":1980,\"height\":600},{\"@type\":\"BreadcrumbList\",\"@id\":\"https:\/\/www.permessonegato.it\/es\/contactos\/#breadcrumb\",\"itemListElement\":[{\"@type\":\"ListItem\",\"position\":1,\"name\":\"Home\",\"item\":\"https:\/\/www.permessonegato.it\/es\/\"},{\"@type\":\"ListItem\",\"position\":2,\"name\":\"Contactos\"}]},{\"@type\":\"WebSite\",\"@id\":\"https:\/\/www.permessonegato.it\/es\/#website\",\"url\":\"https:\/\/www.permessonegato.it\/es\/\",\"name\":\"PermessoNegato\",\"description\":\"\",\"potentialAction\":[{\"@type\":\"SearchAction\",\"target\":{\"@type\":\"EntryPoint\",\"urlTemplate\":\"https:\/\/www.permessonegato.it\/es\/?s={search_term_string}\"},\"query-input\":{\"@type\":\"PropertyValueSpecification\",\"valueRequired\":true,\"valueName\":\"search_term_string\"}}],\"inLanguage\":\"es\"}]}<\/script>\n<!-- \/ Yoast SEO plugin. -->","yoast_head_json":{"title":"Contactos | PermessoNegato","description":"Si necesitas ayuda, no dudes en ponerte en contacto con nosotros","robots":{"index":"index","follow":"follow","max-snippet":"max-snippet:-1","max-image-preview":"max-image-preview:large","max-video-preview":"max-video-preview:-1"},"canonical":"https:\/\/www.permessonegato.it\/es\/contactos\/","og_locale":"es_ES","og_type":"article","og_title":"Contacto con nosotros es f\u00e1cil! | PermessoNegato","og_description":"Si necesitas ayuda, no dudes en ponerte en contacto con nosotros","og_url":"https:\/\/www.permessonegato.it\/es\/contactos\/","og_site_name":"PermessoNegato","article_modified_time":"2024-10-10T08:57:20+00:00","og_image":[{"width":1980,"height":600,"url":"https:\/\/www.permessonegato.it\/wp-content\/uploads\/2024\/08\/PermessoNegato-Contatti_hero.jpg","type":"image\/jpeg"}],"twitter_card":"summary_large_image","twitter_title":"Ccontacto con nosotros es f\u00e1cil! | PermessoNegato","twitter_description":"Si necesitas ayuda, no dudes en ponerte en contacto con nosotros","twitter_misc":{"Tiempo de lectura":"4 minutos"},"schema":{"@context":"https:\/\/schema.org","@graph":[{"@type":"WebPage","@id":"https:\/\/www.permessonegato.it\/es\/contactos\/","url":"https:\/\/www.permessonegato.it\/es\/contactos\/","name":"Contactos | PermessoNegato","isPartOf":{"@id":"https:\/\/www.permessonegato.it\/es\/#website"},"primaryImageOfPage":{"@id":"https:\/\/www.permessonegato.it\/es\/contactos\/#primaryimage"},"image":{"@id":"https:\/\/www.permessonegato.it\/es\/contactos\/#primaryimage"},"thumbnailUrl":"https:\/\/www.permessonegato.it\/wp-content\/uploads\/2024\/08\/PermessoNegato-Contatti_hero.jpg","datePublished":"2024-02-23T13:39:18+00:00","dateModified":"2024-10-10T08:57:20+00:00","description":"Si necesitas ayuda, no dudes en ponerte en contacto con nosotros","breadcrumb":{"@id":"https:\/\/www.permessonegato.it\/es\/contactos\/#breadcrumb"},"inLanguage":"es","potentialAction":[{"@type":"ReadAction","target":["https:\/\/www.permessonegato.it\/es\/contactos\/"]}]},{"@type":"ImageObject","inLanguage":"es","@id":"https:\/\/www.permessonegato.it\/es\/contactos\/#primaryimage","url":"https:\/\/www.permessonegato.it\/wp-content\/uploads\/2024\/08\/PermessoNegato-Contatti_hero.jpg","contentUrl":"https:\/\/www.permessonegato.it\/wp-content\/uploads\/2024\/08\/PermessoNegato-Contatti_hero.jpg","width":1980,"height":600},{"@type":"BreadcrumbList","@id":"https:\/\/www.permessonegato.it\/es\/contactos\/#breadcrumb","itemListElement":[{"@type":"ListItem","position":1,"name":"Home","item":"https:\/\/www.permessonegato.it\/es\/"},{"@type":"ListItem","position":2,"name":"Contactos"}]},{"@type":"WebSite","@id":"https:\/\/www.permessonegato.it\/es\/#website","url":"https:\/\/www.permessonegato.it\/es\/","name":"PermessoNegato","description":"","potentialAction":[{"@type":"SearchAction","target":{"@type":"EntryPoint","urlTemplate":"https:\/\/www.permessonegato.it\/es\/?s={search_term_string}"},"query-input":{"@type":"PropertyValueSpecification","valueRequired":true,"valueName":"search_term_string"}}],"inLanguage":"es"}]}},"campaignId":"","_links":{"self":[{"href":"https:\/\/www.permessonegato.it\/es\/wp-json\/wp\/v2\/pages\/2521","targetHints":{"allow":["GET"]}}],"collection":[{"href":"https:\/\/www.permessonegato.it\/es\/wp-json\/wp\/v2\/pages"}],"about":[{"href":"https:\/\/www.permessonegato.it\/es\/wp-json\/wp\/v2\/types\/page"}],"author":[{"embeddable":true,"href":"https:\/\/www.permessonegato.it\/es\/wp-json\/wp\/v2\/users\/4"}],"replies":[{"embeddable":true,"href":"https:\/\/www.permessonegato.it\/es\/wp-json\/wp\/v2\/comments?post=2521"}],"version-history":[{"count":7,"href":"https:\/\/www.permessonegato.it\/es\/wp-json\/wp\/v2\/pages\/2521\/revisions"}],"predecessor-version":[{"id":2602,"href":"https:\/\/www.permessonegato.it\/es\/wp-json\/wp\/v2\/pages\/2521\/revisions\/2602"}],"wp:featuredmedia":[{"embeddable":true,"href":"https:\/\/www.permessonegato.it\/es\/wp-json\/wp\/v2\/media\/2522"}],"wp:attachment":[{"href":"https:\/\/www.permessonegato.it\/es\/wp-json\/wp\/v2\/media?parent=2521"}],"curies":[{"name":"wp","href":"https:\/\/api.w.org\/{rel}","templated":true}]}}